{"id":2153,"date":"2018-03-07T14:14:54","date_gmt":"2018-03-07T14:14:54","guid":{"rendered":"https:\/\/adanac.net\/?post_type=product&#038;p=2153"},"modified":"2018-04-28T16:37:52","modified_gmt":"2018-04-28T20:37:52","slug":"etagere-pour-fourgon-a-3-tabl-96l-x-16p-x-58h","status":"publish","type":"product","link":"https:\/\/adanac2026.bolledev.ca\/en\/produit\/etagere-pour-fourgon-a-3-tabl-96l-x-16p-x-58h\/","title":{"rendered":"\u00c9tag\u00e8re pour fourgon \u00e0 3 tabl. 96\u201dL x 16\u201dP x 58\u201dH"},"content":{"rendered":"","protected":false},"excerpt":{"rendered":"","protected":false},"featured_media":5719,"template":"","meta":{"_acf_changed":false,"_et_pb_use_builder":"","_et_pb_old_content":"","_et_gb_content_width":"","_monsterinsights_skip_tracking":false,"_monsterinsights_sitenote_active":false,"_monsterinsights_sitenote_note":"","_monsterinsights_sitenote_category":0},"product_brand":[],"product_cat":[138,87],"product_tag":[],"class_list":{"0":"post-2153","1":"product","2":"type-product","3":"status-publish","4":"has-post-thumbnail","6":"product_cat-etagere-fourgon","7":"product_cat-mt-mh","8":"pa_longueur-229","9":"pa_longueur-219","10":"pa_longueur-224","11":"pa_longueur-216","12":"pa_longueur-148x","13":"pa_longueur-220","14":"pa_longueur-159x","15":"pa_longueur-225","16":"pa_longueur-217","17":"pa_longueur-230","18":"pa_marque-adanac","19":"pa_marque-cube","20":"pa_marque-dodge-ram","21":"pa_marque-ford","22":"pa_marque-gm","23":"pa_marque-mercedes","24":"pa_marque-nissan","25":"pa_marque-remorque","26":"pa_modele-city-express","27":"pa_modele-dodge-caravan","28":"pa_modele-ford-transit","29":"pa_modele-metris","30":"pa_modele-nv-200","31":"pa_modele-nv-cargo","32":"pa_modele-ram-promaster","33":"pa_modele-ram-promaster-city","34":"pa_modele-savana-express","35":"pa_modele-sprinter","36":"pa_modele-transit-connect-2013","37":"pa_modele-transit-connect-2014","38":"pa_toit-haut","39":"pa_toit-moyen","40":"pa_usage-electricite","41":"pa_usage-hvac","42":"pa_usage-plomberie","43":"pa_usage-service","44":"pa_usage-standard","45":"tm-no-options","47":"first","48":"instock","49":"shipping-taxable","50":"product-type-simple"},"acf":[],"_links":{"self":[{"href":"https:\/\/adanac2026.bolledev.ca\/en\/wp-json\/wp\/v2\/product\/2153","targetHints":{"allow":["GET"]}}],"collection":[{"href":"https:\/\/adanac2026.bolledev.ca\/en\/wp-json\/wp\/v2\/product"}],"about":[{"href":"https:\/\/adanac2026.bolledev.ca\/en\/wp-json\/wp\/v2\/types\/product"}],"wp:featuredmedia":[{"embeddable":true,"href":"https:\/\/adanac2026.bolledev.ca\/en\/wp-json\/wp\/v2\/media\/5719"}],"wp:attachment":[{"href":"https:\/\/adanac2026.bolledev.ca\/en\/wp-json\/wp\/v2\/media?parent=2153"}],"wp:term":[{"taxonomy":"product_brand","embeddable":true,"href":"https:\/\/adanac2026.bolledev.ca\/en\/wp-json\/wp\/v2\/product_brand?post=2153"},{"taxonomy":"product_cat","embeddable":true,"href":"https:\/\/adanac2026.bolledev.ca\/en\/wp-json\/wp\/v2\/product_cat?post=2153"},{"taxonomy":"product_tag","embeddable":true,"href":"https:\/\/adanac2026.bolledev.ca\/en\/wp-json\/wp\/v2\/product_tag?post=2153"}],"curies":[{"name":"wp","href":"https:\/\/api.w.org\/{rel}","templated":true}]}}