{"id":2181,"date":"2018-03-07T16:55:20","date_gmt":"2018-03-07T16:55:20","guid":{"rendered":"https:\/\/adanac.net\/?post_type=product&#038;p=2181"},"modified":"2018-04-28T16:50:33","modified_gmt":"2018-04-28T20:50:33","slug":"etagere-a-4-tabl-24l-x-16p-x-58h-pour-remorque-ou-cube","status":"publish","type":"product","link":"https:\/\/adanac2026.bolledev.ca\/en\/produit\/etagere-a-4-tabl-24l-x-16p-x-58h-pour-remorque-ou-cube\/","title":{"rendered":"\u00c9tag\u00e8re \u00e0 4 tabl. 24\u201dL x 16\u201dP x 58\u201dH pour remorque ou cube"},"content":{"rendered":"","protected":false},"excerpt":{"rendered":"","protected":false},"featured_media":5726,"template":"","meta":{"_acf_changed":false,"_et_pb_use_builder":"","_et_pb_old_content":"","_et_gb_content_width":"","_monsterinsights_skip_tracking":false,"_monsterinsights_sitenote_active":false,"_monsterinsights_sitenote_note":"","_monsterinsights_sitenote_category":0},"product_brand":[],"product_cat":[138,185],"product_tag":[],"class_list":{"0":"post-2181","1":"product","2":"type-product","3":"status-publish","4":"has-post-thumbnail","6":"product_cat-etagere-fourgon","7":"product_cat-mtr","8":"pa_longueur-229","9":"pa_longueur-219","10":"pa_longueur-224","11":"pa_longueur-216","12":"pa_longueur-148x","13":"pa_longueur-220","14":"pa_longueur-159x","15":"pa_longueur-225","16":"pa_longueur-217","17":"pa_longueur-230","18":"pa_longueur-231","19":"pa_longueur-228","20":"pa_longueur-223","21":"pa_marque-cube","22":"pa_marque-remorque","23":"pa_toit-haut","24":"pa_toit-moyen","25":"pa_usage-electricite","26":"pa_usage-hvac","27":"pa_usage-plomberie","28":"pa_usage-service","29":"pa_usage-standard","30":"tm-no-options","32":"first","33":"instock","34":"shipping-taxable","35":"product-type-simple"},"acf":[],"_links":{"self":[{"href":"https:\/\/adanac2026.bolledev.ca\/en\/wp-json\/wp\/v2\/product\/2181","targetHints":{"allow":["GET"]}}],"collection":[{"href":"https:\/\/adanac2026.bolledev.ca\/en\/wp-json\/wp\/v2\/product"}],"about":[{"href":"https:\/\/adanac2026.bolledev.ca\/en\/wp-json\/wp\/v2\/types\/product"}],"wp:featuredmedia":[{"embeddable":true,"href":"https:\/\/adanac2026.bolledev.ca\/en\/wp-json\/wp\/v2\/media\/5726"}],"wp:attachment":[{"href":"https:\/\/adanac2026.bolledev.ca\/en\/wp-json\/wp\/v2\/media?parent=2181"}],"wp:term":[{"taxonomy":"product_brand","embeddable":true,"href":"https:\/\/adanac2026.bolledev.ca\/en\/wp-json\/wp\/v2\/product_brand?post=2181"},{"taxonomy":"product_cat","embeddable":true,"href":"https:\/\/adanac2026.bolledev.ca\/en\/wp-json\/wp\/v2\/product_cat?post=2181"},{"taxonomy":"product_tag","embeddable":true,"href":"https:\/\/adanac2026.bolledev.ca\/en\/wp-json\/wp\/v2\/product_tag?post=2181"}],"curies":[{"name":"wp","href":"https:\/\/api.w.org\/{rel}","templated":true}]}}