{"id":2597,"date":"2018-03-09T17:41:12","date_gmt":"2018-03-09T22:41:12","guid":{"rendered":"https:\/\/adanac.net\/?post_type=product&#038;p=2597"},"modified":"2018-04-30T13:09:30","modified_gmt":"2018-04-30T17:09:30","slug":"amenagement-pour-fourgon-ram-promsater-city-a-1-porte-44h","status":"publish","type":"product","link":"https:\/\/adanac2026.bolledev.ca\/en\/produit\/amenagement-pour-fourgon-ram-promsater-city-a-1-porte-44h\/","title":{"rendered":"Am\u00e9nagement RAM Promaster City \u00e0 1 porte 44&#8243;H"},"content":{"rendered":"<p>Modules de rangement pour camion 100% aluminium<\/p>\n<p>Tout les ensembles ADANAC, sont configurable selon votre secteur d\u2019activit\u00e9 ou corps de m\u00e9tier. Vous trouverez sur notre site certains exemples d\u2019ensembles populaires adapt\u00e9s \u00e0 votre m\u00e9tier, votre budget et \u00e0 votre v\u00e9hicule. N&#8217;h\u00e9sitez surtout pas \u00e0 communiquer avec l&#8217;un de nos repr\u00e9sentants afin d&#8217;avoir plus d&#8217;informations concernant ceux-ci.<\/p>\n<p><a href=\"https:\/\/adanac.net\/wp-content\/uploads\/2018\/03\/48h-Temps-installation.png\"><img loading=\"lazy\" decoding=\"async\" class=\"alignnone size-full wp-image-2609\" src=\"https:\/\/adanac.net\/wp-content\/uploads\/2018\/03\/48h-Temps-installation.png\" alt=\"\" width=\"142\" height=\"99\" \/><\/a><\/p>\n","protected":false},"excerpt":{"rendered":"<p>Ensemble de base pour les professionnels travaillant dans divers corps de m\u00e9tier en construction ou de service pour les RAM PROMASTER CITY.<\/p>\n","protected":false},"featured_media":5899,"template":"","meta":{"_acf_changed":false,"_et_pb_use_builder":"","_et_pb_old_content":"","_et_gb_content_width":"","_monsterinsights_skip_tracking":false,"_monsterinsights_sitenote_active":false,"_monsterinsights_sitenote_note":"","_monsterinsights_sitenote_category":0},"product_brand":[],"product_cat":[121],"product_tag":[],"class_list":{"0":"post-2597","1":"product","2":"type-product","3":"status-publish","4":"has-post-thumbnail","6":"product_cat-amenagements-ram-prc","7":"pa_longueur-223","8":"pa_marque-dodge-ram","9":"pa_modele-ram-promaster-city","10":"pa_toit-bas","11":"pa_usage-standard","12":"tm-no-options","14":"first","15":"instock","16":"shipping-taxable","17":"product-type-woosb"},"acf":[],"_links":{"self":[{"href":"https:\/\/adanac2026.bolledev.ca\/en\/wp-json\/wp\/v2\/product\/2597","targetHints":{"allow":["GET"]}}],"collection":[{"href":"https:\/\/adanac2026.bolledev.ca\/en\/wp-json\/wp\/v2\/product"}],"about":[{"href":"https:\/\/adanac2026.bolledev.ca\/en\/wp-json\/wp\/v2\/types\/product"}],"wp:featuredmedia":[{"embeddable":true,"href":"https:\/\/adanac2026.bolledev.ca\/en\/wp-json\/wp\/v2\/media\/5899"}],"wp:attachment":[{"href":"https:\/\/adanac2026.bolledev.ca\/en\/wp-json\/wp\/v2\/media?parent=2597"}],"wp:term":[{"taxonomy":"product_brand","embeddable":true,"href":"https:\/\/adanac2026.bolledev.ca\/en\/wp-json\/wp\/v2\/product_brand?post=2597"},{"taxonomy":"product_cat","embeddable":true,"href":"https:\/\/adanac2026.bolledev.ca\/en\/wp-json\/wp\/v2\/product_cat?post=2597"},{"taxonomy":"product_tag","embeddable":true,"href":"https:\/\/adanac2026.bolledev.ca\/en\/wp-json\/wp\/v2\/product_tag?post=2597"}],"curies":[{"name":"wp","href":"https:\/\/api.w.org\/{rel}","templated":true}]}}